{"id":26,"date":"2025-09-23T07:15:51","date_gmt":"2025-09-23T07:15:51","guid":{"rendered":"https:\/\/the-bod-factory.fr\/?page_id=26"},"modified":"2025-10-20T14:19:04","modified_gmt":"2025-10-20T12:19:04","slug":"les-animateurs","status":"publish","type":"page","link":"https:\/\/the-bod-factory.fr\/en\/les-animateurs\/","title":{"rendered":"The Presenters"},"content":{"rendered":"<div class=\"wp-block-columns is-layout-flex wp-container-core-columns-is-layout-9d6595d7 wp-block-columns-is-layout-flex\">\n<div class=\"wp-block-column is-layout-flow wp-block-column-is-layout-flow\">\n<blockquote class=\"wp-block-quote is-layout-flow wp-block-quote-is-layout-flow\">\n<p><\/p>\n<\/blockquote>\n\n\n\n<p><strong>\u00c9douard MARES<\/strong><\/p>\n\n\n\n<p><em>A descendant of founder Louis Verni\u00e8res, he is a lifelong Bastidian (he was born here and still lives here).<\/em><\/p>\n\n\n\n<p>A pharmacist by profession, with a passion for \u00abpublic affairs\u00bb, he continued his pharmacy studies with a doctorate at the IEP in Bordeaux. He felt that through art and sharing his passion with others, it was one way among others to give of oneself and get involved in local public life. Not through traditional political involvement or the life of associations (of which there are many active in the neighbourhood), but through familiarisation with art.<\/p>\n\n\n\n<p>The idea is to create links and novelty, and to provide easy access to activities that are sometimes little known to the general public.&nbsp;<\/p>\n\n\n\n<p>It also means giving this place back to the people of Bastia, who have only known it for its large sliding iron doors, which have been closed for over 50 years.<\/p>\n\n\n\n<figure class=\"wp-block-image size-large\"><img loading=\"lazy\" decoding=\"async\" width=\"472\" height=\"1024\" src=\"http:\/\/the-bod-factory.fr\/wp-content\/uploads\/2025\/10\/WhatsApp-Image-2025-09-22-at-17.14.00-472x1024.jpeg\" alt=\"\" class=\"wp-image-106\" srcset=\"https:\/\/the-bod-factory.fr\/wp-content\/uploads\/2025\/10\/WhatsApp-Image-2025-09-22-at-17.14.00-472x1024.jpeg 472w, https:\/\/the-bod-factory.fr\/wp-content\/uploads\/2025\/10\/WhatsApp-Image-2025-09-22-at-17.14.00-138x300.jpeg 138w, https:\/\/the-bod-factory.fr\/wp-content\/uploads\/2025\/10\/WhatsApp-Image-2025-09-22-at-17.14.00-708x1536.jpeg 708w, https:\/\/the-bod-factory.fr\/wp-content\/uploads\/2025\/10\/WhatsApp-Image-2025-09-22-at-17.14.00.jpeg 738w\" sizes=\"auto, (max-width: 472px) 100vw, 472px\" \/><\/figure>\n<\/div>\n\n\n\n<div class=\"wp-block-column is-layout-flow wp-block-column-is-layout-flow\">\n<blockquote class=\"wp-block-quote is-layout-flow wp-block-quote-is-layout-flow\">\n<p><\/p>\n<\/blockquote>\n\n\n\n<p><strong>Alexis GAUCHER-PIOLA<\/strong><\/p>\n\n\n\n<p><em>Lawyer, passionate about art<\/em><\/p>\n\n\n\n<figure class=\"wp-block-image size-large\"><img loading=\"lazy\" decoding=\"async\" width=\"576\" height=\"1024\" src=\"http:\/\/the-bod-factory.fr\/wp-content\/uploads\/2025\/10\/WhatsApp-Image-2025-09-22-at-17.07.31-576x1024.jpeg\" alt=\"\" class=\"wp-image-77\" srcset=\"https:\/\/the-bod-factory.fr\/wp-content\/uploads\/2025\/10\/WhatsApp-Image-2025-09-22-at-17.07.31-576x1024.jpeg 576w, https:\/\/the-bod-factory.fr\/wp-content\/uploads\/2025\/10\/WhatsApp-Image-2025-09-22-at-17.07.31-169x300.jpeg 169w, https:\/\/the-bod-factory.fr\/wp-content\/uploads\/2025\/10\/WhatsApp-Image-2025-09-22-at-17.07.31-768x1365.jpeg 768w, https:\/\/the-bod-factory.fr\/wp-content\/uploads\/2025\/10\/WhatsApp-Image-2025-09-22-at-17.07.31-864x1536.jpeg 864w, https:\/\/the-bod-factory.fr\/wp-content\/uploads\/2025\/10\/WhatsApp-Image-2025-09-22-at-17.07.31.jpeg 900w\" sizes=\"auto, (max-width: 576px) 100vw, 576px\" \/><\/figure>\n\n\n\n<p>The two are friends, each sharing the tasks, and are keen to develop this project. The philosophy shared by both is that this project should remain primarily associated with feelings of pleasure and relaxation, and in which constraints do not exist.<\/p>\n\n\n\n<p>It's still and always will be about sharing their common love of art.<\/p>\n\n\n\n<p>Find them on lINSTAGRAM:<br><a href=\"https:\/\/www.instagram.com\/edouard_mares\/\">Edouard MAR\u00c8S<\/a><br><a href=\"https:\/\/www.instagram.com\/gaucher_piola\/\">Alexis GAUCHER-PIOLA<\/a><\/p>\n<\/div>\n<\/div>\n\n\n\n<p><\/p>","protected":false},"excerpt":{"rendered":"<p>\u00c9douard MARES Descendant du fondateur&nbsp;Louis Verni\u00e8res, bastidien depuis toujours (il y est n\u00e9 et y demeure toujours). Pharmacien de profession, passionn\u00e9 par la \u00ab\u00a0chose publique\u00a0\u00bb &hellip;<\/p>","protected":false},"author":1,"featured_media":12,"parent":0,"menu_order":0,"comment_status":"closed","ping_status":"closed","template":"","meta":{"footnotes":""},"class_list":["post-26","page","type-page","status-publish","has-post-thumbnail","hentry"],"_links":{"self":[{"href":"https:\/\/the-bod-factory.fr\/en\/wp-json\/wp\/v2\/pages\/26","targetHints":{"allow":["GET"]}}],"collection":[{"href":"https:\/\/the-bod-factory.fr\/en\/wp-json\/wp\/v2\/pages"}],"about":[{"href":"https:\/\/the-bod-factory.fr\/en\/wp-json\/wp\/v2\/types\/page"}],"author":[{"embeddable":true,"href":"https:\/\/the-bod-factory.fr\/en\/wp-json\/wp\/v2\/users\/1"}],"replies":[{"embeddable":true,"href":"https:\/\/the-bod-factory.fr\/en\/wp-json\/wp\/v2\/comments?post=26"}],"version-history":[{"count":5,"href":"https:\/\/the-bod-factory.fr\/en\/wp-json\/wp\/v2\/pages\/26\/revisions"}],"predecessor-version":[{"id":155,"href":"https:\/\/the-bod-factory.fr\/en\/wp-json\/wp\/v2\/pages\/26\/revisions\/155"}],"wp:featuredmedia":[{"embeddable":true,"href":"https:\/\/the-bod-factory.fr\/en\/wp-json\/wp\/v2\/media\/12"}],"wp:attachment":[{"href":"https:\/\/the-bod-factory.fr\/en\/wp-json\/wp\/v2\/media?parent=26"}],"curies":[{"name":"wp","href":"https:\/\/api.w.org\/{rel}","templated":true}]}}