{"id":22,"date":"2025-09-23T07:13:25","date_gmt":"2025-09-23T07:13:25","guid":{"rendered":"https:\/\/the-bod-factory.fr\/?page_id=22"},"modified":"2025-10-16T09:57:31","modified_gmt":"2025-10-16T07:57:31","slug":"le-site","status":"publish","type":"page","link":"https:\/\/the-bod-factory.fr\/en\/le-site\/","title":{"rendered":"The Place"},"content":{"rendered":"<p>Le hangar, situ\u00e9 au 69 de la rue Paul Camelle est le dernier t\u00e9moin de cette \u00e9poque. Un deuxi\u00e8me a lui aussi \u00e9t\u00e9 r\u00e9habilit\u00e9 par l&rsquo;actuel propri\u00e9taire qui en a fait sa r\u00e9sidence principale.<\/p>\n\n\n\n<p>Le hangar qui a servi pour l\u2019entreposage des produits m\u00e9tallurgiques entre 1920 et 1965 a \u00e9t\u00e9 conserv\u00e9 en l\u2019\u00e9tat. Il couvre une superficie de 500m2, ses fermes centenaires sont \u00e0 plus de 12 m\u00e8tres de haut. Son volume permet d&rsquo;acceuillir des oeuvres monumentales mais aussi des concerts- l&rsquo;acoustique est excellente.<\/p>\n\n\n\n<p>Il est situ\u00e9 au coeur du quartier de la bastide, baptis\u00e9 pompeusement par quelques aficionados, \u00ab\u00a0le brooklyn bordelais\u00a0\u00bb. Il est vrai que ce quartier compte comme lieux culturels l&#8217;embl\u00e9matique quartier \u00e9cosyst\u00e8me Darwin, la caserne B, la guinguette chez Alriq, le poquelin th\u00e9atre\u2026<\/p>\n\n\n\n<p>C&rsquo;est le quartier qui monte dans la m\u00e9tropole. Et il ne comptait aucun lieu d&rsquo;exposition des arts. D&rsquo;ailleurs, jusqu&rsquo;\u00e0 Libourne et l&rsquo;entre-deux-mers, l&rsquo;art a oubli\u00e9 de s&rsquo;installer\u2026<\/p>\n\n\n\n<p>L&rsquo;actuel propri\u00e9taire, son arri\u00e8re petit-fils, Edouard Mar\u00e8s a donc d\u00e9cid\u00e9 de le laisser \u00ab\u00a0dans son jus\u00a0\u00bb et de lui donner une nouvelle vie: un lieu d&rsquo;exposition de peinture, sculpture, photographies\u2026<\/p>\n\n\n\n<p>Passionn\u00e9 par l&rsquo;art , la \u00ab\u00a0Bod-Factory\u00a0\u00bb est n\u00e9e (bod_factory). \u00ab\u00a0Bod\u00a0\u00bb en r\u00e9f\u00e9rence \u00e0 Bordeaux dans le language a\u00e9rien et \u00ab\u00a0Factory\u00a0\u00bb en r\u00e9f\u00e9rence \u00e0 la boite de nuit new-yorkaise des ann\u00e8es 80 qui acceuillait r\u00e9guli\u00e8rement Warhol, Basquiat\u2026<\/p>\n\n\n\n<p>Quand on p\u00e9n\u00e8tre le lieu, on peut ais\u00e9ment s&rsquo;imaginer le fracas des t\u00f4les m\u00e9talliques et des barres de fer entass\u00e9es par des dizaines d&rsquo;ouvriers et des camions qui p\u00e9n\u00e9trent dans le lieu (ils avaient \u00e9t\u00e9 d&rsquo;ailleurs surdimensionn\u00e9s afin de transporter des barres de fer de plus de 12 m\u00e8tres) afin d&rsquo;acheminer le mat\u00e9riel sur les principaux grands chantiers du Sud-Ouest.<\/p>\n\n\n\n<p>Facile d&rsquo;acc\u00e8s par le tramway (\u00e0 50m), mais aussi par les pistes cyclables, voire la voiture. Proche de la rocade (1km), de la gare saint-jean (4km) et de l&rsquo;a\u00e9roport (20 minutes).<\/p>\n\n\n\n<p>On peut facilement d\u00e9guster apr\u00e9s une expo des sp\u00e9cialit\u00e9s cambodgiennes, japonaises, italiennes, fran\u00e7aises\u2026 dans un rayon de 200 m\u00e8tres. Voire boire un digestif ou une bonne bi\u00e8re \u00e0 l&rsquo;Irish Pub.<\/p>\n\n\n\n<iframe src=\"https:\/\/www.google.com\/maps\/embed?pb=!1m18!1m12!1m3!1d4744.428775269027!2d-0.5567660224656337!3d44.842418771070555!2m3!1f0!2f0!3f0!3m2!1i1024!2i768!4f13.1!3m3!1m2!1s0xd55262f7e11cf9f%3A0x6fbc93eab02aed1a!2s69%20Rue%20Paul%20Camelle%2C%2033100%20Bordeaux!5e1!3m2!1sfr!2sfr!4v1759915752227!5m2!1sfr!2sfr\" width=\"100%\" height=\"450\" style=\"border:0;\" allowfullscreen=\"\" loading=\"lazy\" referrerpolicy=\"no-referrer-when-downgrade\"><\/iframe>\n\n\n\n<p><\/p>","protected":false},"excerpt":{"rendered":"<p>Le hangar, situ\u00e9 au 69 de la rue Paul Camelle est le dernier t\u00e9moin de cette \u00e9poque. Un deuxi\u00e8me a lui aussi \u00e9t\u00e9 r\u00e9habilit\u00e9 par &hellip;<\/p>","protected":false},"author":1,"featured_media":58,"parent":0,"menu_order":0,"comment_status":"closed","ping_status":"closed","template":"","meta":{"footnotes":""},"class_list":["post-22","page","type-page","status-publish","has-post-thumbnail","hentry"],"_links":{"self":[{"href":"https:\/\/the-bod-factory.fr\/en\/wp-json\/wp\/v2\/pages\/22","targetHints":{"allow":["GET"]}}],"collection":[{"href":"https:\/\/the-bod-factory.fr\/en\/wp-json\/wp\/v2\/pages"}],"about":[{"href":"https:\/\/the-bod-factory.fr\/en\/wp-json\/wp\/v2\/types\/page"}],"author":[{"embeddable":true,"href":"https:\/\/the-bod-factory.fr\/en\/wp-json\/wp\/v2\/users\/1"}],"replies":[{"embeddable":true,"href":"https:\/\/the-bod-factory.fr\/en\/wp-json\/wp\/v2\/comments?post=22"}],"version-history":[{"count":6,"href":"https:\/\/the-bod-factory.fr\/en\/wp-json\/wp\/v2\/pages\/22\/revisions"}],"predecessor-version":[{"id":151,"href":"https:\/\/the-bod-factory.fr\/en\/wp-json\/wp\/v2\/pages\/22\/revisions\/151"}],"wp:featuredmedia":[{"embeddable":true,"href":"https:\/\/the-bod-factory.fr\/en\/wp-json\/wp\/v2\/media\/58"}],"wp:attachment":[{"href":"https:\/\/the-bod-factory.fr\/en\/wp-json\/wp\/v2\/media?parent=22"}],"curies":[{"name":"wp","href":"https:\/\/api.w.org\/{rel}","templated":true}]}}